{"id":538,"date":"2015-02-14T08:59:00","date_gmt":"2015-02-14T08:59:00","guid":{"rendered":"http:\/\/demo.wpcharming.com\/construction\/?page_id=538"},"modified":"2021-12-15T18:24:10","modified_gmt":"2021-12-15T17:24:10","slug":"strona-glowna","status":"publish","type":"page","link":"https:\/\/bazalt.pl\/prefabrykacja-zory\/","title":{"rendered":"Strona G\u0142\u00f3wna"},"content":{"rendered":"[vc_row row_type=&#8221;row_fullwidth_content&#8221; margin_top=&#8221;-80&#8243; padding_bottom=&#8221;0&#8243; class=&#8221;fit-screen&#8221;][vc_column][rev_slider_vc alias=&#8221;Home1Extended&#8221;][\/vc_column][\/vc_row][vc_row row_type=&#8221;row_full_center_content&#8221; bg_color=&#8221;#e5e5e5&#8243;][vc_column][vc_column_text]\n<h1 style=\"text-align: center;\"><strong>Zak\u0142ad prefabrykacji betonowej w \u017borach<br \/>\n<\/strong><\/h1>\n<p style=\"text-align: center; font-size: 18px; font-color: black;\">Przedsi\u0119biorstwo G\u00f3rniczo \u2013 Produkcyjne \u201eBazalt\u201d S.A. Zak\u0142ad Prefabrykacji Betonowe w \u017borach to jeden z polskich zak\u0142ad\u00f3w prefabrykacji, kt\u00f3ry specjalizuje si\u0119 w projektowaniu, produkcji i monta\u017cu prefabrykat\u00f3w \u017celbetowych. <strong>Od 2019 roku na potrzeby rynku inwestycji budowlanych dzia\u0142a w sektorze przemys\u0142owym, magazynowym, produkcyjnym, mieszkaniowym i biurowym.<\/strong><\/p>\n[\/vc_column_text][vc_button title=&#8221;Zobacz wi\u0119cej \u00bb&#8221; color=&#8221;primary&#8221; position=&#8221;center&#8221; link=&#8221;url:https%3A%2F%2Fbazalt.pl%2Fprefabrykacja-zory%2Fo-firmie%2F|||&#8221;][\/vc_column][\/vc_row][vc_row row_type=&#8221;row_full_center_content&#8221; bg_color=&#8221;#ffffff&#8221; row_text_color=&#8221;row_text_custom&#8221; row_custom_text_color=&#8221;#444444&#8243; padding_top=&#8221;30&#8243; padding_bottom=&#8221;30&#8243; class=&#8221;fit-screen&#8221;][vc_column]\n\t<div class=\"custom-heading wpb_content_element  text-center\">\n\t\t<h2 class=\"heading-title\"  style=\"color: #444444;\">Prefabrykaty betonowe dla budownictwa<\/h2>\n\t\t<span class=\"heading-line \"style=\"background-color: #444444\"><\/span>\n\t<\/div>[vc_column_text]<a href=\"https:\/\/bazalt.pl\/prefabrykacja-zory\/oferta\/\"><img loading=\"lazy\" class=\"aligncenter wp-image-1937 size-full\" src=\"https:\/\/bazalt.pl\/prefabrykacja-zory\/wp-content\/uploads\/2021\/12\/img_20211215_002.jpg\" alt=\"\" width=\"1920\" height=\"690\" \/><\/a>[\/vc_column_text][\/vc_column][\/vc_row][vc_row row_type=&#8221;row_fullwidth_content&#8221; bg_color=&#8221;#006231&#8243; margin_top=&#8221;0&#8243; margin_bottom=&#8221;0&#8243; padding_top=&#8221;50&#8243; padding_bottom=&#8221;50&#8243;][vc_column el_class=&#8221;mobile-center contact-box&#8221;][vc_column_text]\n<h3 style=\"text-align: center; font-size: 45px;\"><strong><span style=\"color: #ffffff;\">Zapraszamy do kontaktu!<\/span><\/strong><\/h3>\n[\/vc_column_text][vc_button title=&#8221;Dane kontaktowe \u00bb&#8221; color=&#8221;ghost&#8221; position=&#8221;center&#8221; margin_top=&#8221;0&#8243; margin_bottom=&#8221;0&#8243; link=&#8221;url:https%3A%2F%2Fbazalt.pl%2Fprefabrykacja-zory%2Fkontakt%2F|||&#8221; target=&#8221;false&#8221;][\/vc_column][\/vc_row]\n","protected":false},"excerpt":{"rendered":"<p>[vc_row row_type=&#8221;row_fullwidth_content&#8221; margin_top=&#8221;-80&#8243; padding_bottom=&#8221;0&#8243; class=&#8221;fit-screen&#8221;][vc_column][rev_slider_vc alias=&#8221;Home1Extended&#8221;][\/vc_column][\/vc_row][vc_row row_type=&#8221;row_full_center_content&#8221; bg_color=&#8221;#e5e5e5&#8243;][vc_column][vc_column_text] Zak\u0142ad prefabrykacji betonowej w \u017borach Przedsi\u0119biorstwo G\u00f3rniczo \u2013 Produkcyjne \u201eBazalt\u201d S.A. Zak\u0142ad Prefabrykacji &#8230;<\/p>\n","protected":false},"author":1,"featured_media":0,"parent":0,"menu_order":0,"comment_status":"closed","ping_status":"closed","template":"","meta":[],"yoast_head":"<!-- This site is optimized with the Yoast SEO plugin v14.6.1 - https:\/\/yoast.com\/wordpress\/plugins\/seo\/ -->\n<title>Prefabrykaty betonowe - Zak\u0142ad Prefabrykacji Betonowej - Bazalt S.A.<\/title>\n<meta name=\"description\" content=\"Zak\u0142ad Prefabrykacji Betonowej jest producentem rur betonowych i \u017celbetowych, zbiornik\u00f3w podziemnych, wpust\u00f3w ulicznych i wielu innych. Postaw na jako\u015b\u0107!\" \/>\n<meta name=\"robots\" content=\"index, follow\" \/>\n<meta name=\"googlebot\" content=\"index, follow, max-snippet:-1, max-image-preview:large, max-video-preview:-1\" \/>\n<meta name=\"bingbot\" content=\"index, follow, max-snippet:-1, max-image-preview:large, max-video-preview:-1\" \/>\n<link rel=\"canonical\" href=\"https:\/\/bazalt.pl\/prefabrykacja-zory\/\" \/>\n<meta property=\"og:locale\" content=\"pl_PL\" \/>\n<meta property=\"og:type\" content=\"article\" \/>\n<meta property=\"og:title\" content=\"Prefabrykaty betonowe - Zak\u0142ad Prefabrykacji Betonowej - Bazalt S.A.\" \/>\n<meta property=\"og:description\" content=\"Zak\u0142ad Prefabrykacji Betonowej jest producentem rur betonowych i \u017celbetowych, zbiornik\u00f3w podziemnych, wpust\u00f3w ulicznych i wielu innych. Postaw na jako\u015b\u0107!\" \/>\n<meta property=\"og:url\" content=\"https:\/\/bazalt.pl\/prefabrykacja-zory\/\" \/>\n<meta property=\"og:site_name\" content=\"Zak\u0142ad Prefabrykacji Betonowej \u017bory\" \/>\n<meta property=\"article:modified_time\" content=\"2021-12-15T17:24:10+00:00\" \/>\n<meta property=\"og:image\" content=\"https:\/\/bazalt.pl\/prefabrykacja-zory\/wp-content\/uploads\/2021\/12\/img_20211215_002.jpg\" \/>\n<meta name=\"twitter:card\" content=\"summary\" \/>\n<script type=\"application\/ld+json\" class=\"yoast-schema-graph\">{\"@context\":\"https:\/\/schema.org\",\"@graph\":[{\"@type\":\"WebSite\",\"@id\":\"https:\/\/bazalt.pl\/prefabrykacja-zory\/#website\",\"url\":\"https:\/\/bazalt.pl\/prefabrykacja-zory\/\",\"name\":\"Zak\\u0142ad Prefabrykacji Betonowej \\u017bory\",\"description\":\"Witamy na stronie firmy BAZALT\",\"potentialAction\":[{\"@type\":\"SearchAction\",\"target\":\"https:\/\/bazalt.pl\/prefabrykacja-zory\/?s={search_term_string}\",\"query-input\":\"required name=search_term_string\"}],\"inLanguage\":\"pl-PL\"},{\"@type\":\"ImageObject\",\"@id\":\"https:\/\/bazalt.pl\/prefabrykacja-zory\/#primaryimage\",\"inLanguage\":\"pl-PL\",\"url\":\"https:\/\/bazalt.pl\/prefabrykacja-zory\/wp-content\/uploads\/2021\/12\/img_20211215_002.jpg\",\"width\":1920,\"height\":690},{\"@type\":\"WebPage\",\"@id\":\"https:\/\/bazalt.pl\/prefabrykacja-zory\/#webpage\",\"url\":\"https:\/\/bazalt.pl\/prefabrykacja-zory\/\",\"name\":\"Prefabrykaty betonowe - Zak\\u0142ad Prefabrykacji Betonowej - Bazalt S.A.\",\"isPartOf\":{\"@id\":\"https:\/\/bazalt.pl\/prefabrykacja-zory\/#website\"},\"primaryImageOfPage\":{\"@id\":\"https:\/\/bazalt.pl\/prefabrykacja-zory\/#primaryimage\"},\"datePublished\":\"2015-02-14T08:59:00+00:00\",\"dateModified\":\"2021-12-15T17:24:10+00:00\",\"description\":\"Zak\\u0142ad Prefabrykacji Betonowej jest producentem rur betonowych i \\u017celbetowych, zbiornik\\u00f3w podziemnych, wpust\\u00f3w ulicznych i wielu innych. Postaw na jako\\u015b\\u0107!\",\"inLanguage\":\"pl-PL\",\"potentialAction\":[{\"@type\":\"ReadAction\",\"target\":[\"https:\/\/bazalt.pl\/prefabrykacja-zory\/\"]}]}]}<\/script>\n<!-- \/ Yoast SEO plugin. -->","_links":{"self":[{"href":"https:\/\/bazalt.pl\/prefabrykacja-zory\/wp-json\/wp\/v2\/pages\/538"}],"collection":[{"href":"https:\/\/bazalt.pl\/prefabrykacja-zory\/wp-json\/wp\/v2\/pages"}],"about":[{"href":"https:\/\/bazalt.pl\/prefabrykacja-zory\/wp-json\/wp\/v2\/types\/page"}],"author":[{"embeddable":true,"href":"https:\/\/bazalt.pl\/prefabrykacja-zory\/wp-json\/wp\/v2\/users\/1"}],"replies":[{"embeddable":true,"href":"https:\/\/bazalt.pl\/prefabrykacja-zory\/wp-json\/wp\/v2\/comments?post=538"}],"version-history":[{"count":53,"href":"https:\/\/bazalt.pl\/prefabrykacja-zory\/wp-json\/wp\/v2\/pages\/538\/revisions"}],"predecessor-version":[{"id":1966,"href":"https:\/\/bazalt.pl\/prefabrykacja-zory\/wp-json\/wp\/v2\/pages\/538\/revisions\/1966"}],"wp:attachment":[{"href":"https:\/\/bazalt.pl\/prefabrykacja-zory\/wp-json\/wp\/v2\/media?parent=538"}],"curies":[{"name":"wp","href":"https:\/\/api.w.org\/{rel}","templated":true}]}}